{"id":223,"date":"2022-07-06T13:13:12","date_gmt":"2022-07-06T16:13:12","guid":{"rendered":"https:\/\/tic-srl.com.ar\/?page_id=223"},"modified":"2024-10-21T22:32:05","modified_gmt":"2024-10-22T01:32:05","slug":"acerca-de-nosotros-2","status":"publish","type":"page","link":"https:\/\/tic-srl.com.ar\/?page_id=223","title":{"rendered":"Acerca de nosotros"},"content":{"rendered":"\n<p>TIC S.R.L. es una PYME Neuquina fundada en el a\u00f1o 2011. Con m\u00e1s de 10 a\u00f1os de experiencia. Nos centramos en el desarrollo, fabricaci\u00f3n y reparaci\u00f3n de productos metal\u00fargicos y metalmec\u00e1nicos, vinculados a las industrias de oil &amp; gas y miner\u00eda.<\/p>\n\n\n\n<h2 class=\"wp-block-heading\">POL\u00cdTICA DE CALIDAD<\/h2>\n\n\n\n<p>TIC S.R.L. asume el compromiso de desarrollar sus actividades considerando entre sus valores esenciales, el cumplimiento de los requisitos legales y la satisfacci\u00f3n de sus clientes. Para lograr esto, se establecen los siguientes principios:<\/p>\n\n\n\n<ul class=\"wp-block-list\">\n<li>Implementaci\u00f3n y mejora continua de los procesos<\/li>\n\n\n\n<li>Satisfacci\u00f3n de los requisitos de nuestros clientes de manera eficaz, competitiva y rentable, evaluando sistem\u00e1ticamente el grado de satisfacci\u00f3n.<\/li>\n\n\n\n<li>Mantener nuestros proveedores evaluados.<\/li>\n\n\n\n<li>Difusi\u00f3n y comprensi\u00f3n de las pol\u00edticas en todos los niveles de la empresa y al p\u00fablico en general.<\/li>\n\n\n\n<li>Compromiso gerencial, comunicaci\u00f3n interna y externa, formaci\u00f3n y entrenamiento de sus RRHH.<\/li>\n\n\n\n<li>Provisi\u00f3n de recursos apropiados.&nbsp;&nbsp;&nbsp;&nbsp;&nbsp;&nbsp;&nbsp;<\/li>\n<\/ul>\n\n\n\n<figure class=\"wp-block-gallery has-nested-images columns-default is-cropped wp-block-gallery-1 is-layout-flex wp-block-gallery-is-layout-flex\">\n<figure class=\"wp-block-image size-full is-style-default\"><img loading=\"lazy\" decoding=\"async\" width=\"576\" height=\"1280\" data-id=\"137\" src=\"https:\/\/tic-srl.com.ar\/wp-content\/uploads\/2022\/06\/BOP-5.125-Seep-2.jpeg\" alt=\"\" class=\"wp-image-137\" srcset=\"https:\/\/tic-srl.com.ar\/wp-content\/uploads\/2022\/06\/BOP-5.125-Seep-2.jpeg 576w, https:\/\/tic-srl.com.ar\/wp-content\/uploads\/2022\/06\/BOP-5.125-Seep-2-135x300.jpeg 135w, https:\/\/tic-srl.com.ar\/wp-content\/uploads\/2022\/06\/BOP-5.125-Seep-2-461x1024.jpeg 461w\" sizes=\"auto, (max-width: 576px) 100vw, 576px\" \/><\/figure>\n\n\n\n<figure class=\"wp-block-image size-full\"><img loading=\"lazy\" decoding=\"async\" width=\"1280\" height=\"576\" data-id=\"136\" src=\"https:\/\/tic-srl.com.ar\/wp-content\/uploads\/2022\/06\/BOP-5.125-Seep-3-1.jpeg\" alt=\"\" class=\"wp-image-136\" srcset=\"https:\/\/tic-srl.com.ar\/wp-content\/uploads\/2022\/06\/BOP-5.125-Seep-3-1.jpeg 1280w, https:\/\/tic-srl.com.ar\/wp-content\/uploads\/2022\/06\/BOP-5.125-Seep-3-1-300x135.jpeg 300w, https:\/\/tic-srl.com.ar\/wp-content\/uploads\/2022\/06\/BOP-5.125-Seep-3-1-1024x461.jpeg 1024w, https:\/\/tic-srl.com.ar\/wp-content\/uploads\/2022\/06\/BOP-5.125-Seep-3-1-768x346.jpeg 768w\" sizes=\"auto, (max-width: 1280px) 100vw, 1280px\" \/><\/figure>\n\n\n\n<figure class=\"wp-block-image size-full\"><img loading=\"lazy\" decoding=\"async\" width=\"720\" height=\"1289\" data-id=\"140\" src=\"https:\/\/tic-srl.com.ar\/wp-content\/uploads\/2022\/06\/BOP-5.125.jpeg\" alt=\"\" class=\"wp-image-140\" srcset=\"https:\/\/tic-srl.com.ar\/wp-content\/uploads\/2022\/06\/BOP-5.125.jpeg 720w, https:\/\/tic-srl.com.ar\/wp-content\/uploads\/2022\/06\/BOP-5.125-168x300.jpeg 168w, https:\/\/tic-srl.com.ar\/wp-content\/uploads\/2022\/06\/BOP-5.125-572x1024.jpeg 572w\" sizes=\"auto, (max-width: 720px) 100vw, 720px\" \/><\/figure>\n\n\n\n<figure class=\"wp-block-image size-full\"><img loading=\"lazy\" decoding=\"async\" width=\"780\" height=\"1040\" data-id=\"139\" src=\"https:\/\/tic-srl.com.ar\/wp-content\/uploads\/2022\/06\/cil-1.jpeg\" alt=\"\" class=\"wp-image-139\" srcset=\"https:\/\/tic-srl.com.ar\/wp-content\/uploads\/2022\/06\/cil-1.jpeg 780w, https:\/\/tic-srl.com.ar\/wp-content\/uploads\/2022\/06\/cil-1-225x300.jpeg 225w, https:\/\/tic-srl.com.ar\/wp-content\/uploads\/2022\/06\/cil-1-768x1024.jpeg 768w, https:\/\/tic-srl.com.ar\/wp-content\/uploads\/2022\/06\/cil-1-470x626.jpeg 470w\" sizes=\"auto, (max-width: 780px) 100vw, 780px\" \/><\/figure>\n\n\n\n<figure class=\"wp-block-image size-full\"><img loading=\"lazy\" decoding=\"async\" width=\"669\" height=\"780\" data-id=\"141\" src=\"https:\/\/tic-srl.com.ar\/wp-content\/uploads\/2022\/06\/fresa-1.jpeg\" alt=\"\" class=\"wp-image-141\" srcset=\"https:\/\/tic-srl.com.ar\/wp-content\/uploads\/2022\/06\/fresa-1.jpeg 669w, https:\/\/tic-srl.com.ar\/wp-content\/uploads\/2022\/06\/fresa-1-257x300.jpeg 257w\" sizes=\"auto, (max-width: 669px) 100vw, 669px\" \/><\/figure>\n\n\n\n<figure class=\"wp-block-image size-full\"><img loading=\"lazy\" decoding=\"async\" width=\"1040\" height=\"780\" data-id=\"138\" src=\"https:\/\/tic-srl.com.ar\/wp-content\/uploads\/2022\/06\/Llave-Hca-Chevron-1.jpeg\" alt=\"\" class=\"wp-image-138\" srcset=\"https:\/\/tic-srl.com.ar\/wp-content\/uploads\/2022\/06\/Llave-Hca-Chevron-1.jpeg 1040w, https:\/\/tic-srl.com.ar\/wp-content\/uploads\/2022\/06\/Llave-Hca-Chevron-1-300x225.jpeg 300w, https:\/\/tic-srl.com.ar\/wp-content\/uploads\/2022\/06\/Llave-Hca-Chevron-1-1024x768.jpeg 1024w, https:\/\/tic-srl.com.ar\/wp-content\/uploads\/2022\/06\/Llave-Hca-Chevron-1-768x576.jpeg 768w, https:\/\/tic-srl.com.ar\/wp-content\/uploads\/2022\/06\/Llave-Hca-Chevron-1-470x352.jpeg 470w\" sizes=\"auto, (max-width: 1040px) 100vw, 1040px\" \/><\/figure>\n\n\n\n<figure class=\"wp-block-image size-full\"><img loading=\"lazy\" decoding=\"async\" width=\"720\" height=\"1600\" data-id=\"142\" src=\"https:\/\/tic-srl.com.ar\/wp-content\/uploads\/2022\/06\/RAM-NASER-3.5.jpeg\" alt=\"\" class=\"wp-image-142\" srcset=\"https:\/\/tic-srl.com.ar\/wp-content\/uploads\/2022\/06\/RAM-NASER-3.5.jpeg 720w, https:\/\/tic-srl.com.ar\/wp-content\/uploads\/2022\/06\/RAM-NASER-3.5-135x300.jpeg 135w, https:\/\/tic-srl.com.ar\/wp-content\/uploads\/2022\/06\/RAM-NASER-3.5-461x1024.jpeg 461w, https:\/\/tic-srl.com.ar\/wp-content\/uploads\/2022\/06\/RAM-NASER-3.5-691x1536.jpeg 691w\" sizes=\"auto, (max-width: 720px) 100vw, 720px\" \/><\/figure>\n\n\n\n<figure class=\"wp-block-image size-full\"><img loading=\"lazy\" decoding=\"async\" width=\"783\" height=\"1455\" data-id=\"143\" src=\"https:\/\/tic-srl.com.ar\/wp-content\/uploads\/2022\/06\/WhatsApp-Image-2022-05-23-at-9.07.29-AM.jpeg\" alt=\"\" class=\"wp-image-143\" srcset=\"https:\/\/tic-srl.com.ar\/wp-content\/uploads\/2022\/06\/WhatsApp-Image-2022-05-23-at-9.07.29-AM.jpeg 783w, https:\/\/tic-srl.com.ar\/wp-content\/uploads\/2022\/06\/WhatsApp-Image-2022-05-23-at-9.07.29-AM-161x300.jpeg 161w, https:\/\/tic-srl.com.ar\/wp-content\/uploads\/2022\/06\/WhatsApp-Image-2022-05-23-at-9.07.29-AM-551x1024.jpeg 551w, https:\/\/tic-srl.com.ar\/wp-content\/uploads\/2022\/06\/WhatsApp-Image-2022-05-23-at-9.07.29-AM-768x1427.jpeg 768w\" sizes=\"auto, (max-width: 783px) 100vw, 783px\" \/><\/figure>\n\n\n\n<figure class=\"wp-block-image size-full\"><img loading=\"lazy\" decoding=\"async\" width=\"1199\" height=\"1255\" data-id=\"144\" src=\"https:\/\/tic-srl.com.ar\/wp-content\/uploads\/2022\/06\/WhatsApp-Image-2022-05-23-at-9.07.30-AM.jpeg\" alt=\"\" class=\"wp-image-144\" srcset=\"https:\/\/tic-srl.com.ar\/wp-content\/uploads\/2022\/06\/WhatsApp-Image-2022-05-23-at-9.07.30-AM.jpeg 1199w, https:\/\/tic-srl.com.ar\/wp-content\/uploads\/2022\/06\/WhatsApp-Image-2022-05-23-at-9.07.30-AM-287x300.jpeg 287w, https:\/\/tic-srl.com.ar\/wp-content\/uploads\/2022\/06\/WhatsApp-Image-2022-05-23-at-9.07.30-AM-978x1024.jpeg 978w, https:\/\/tic-srl.com.ar\/wp-content\/uploads\/2022\/06\/WhatsApp-Image-2022-05-23-at-9.07.30-AM-768x804.jpeg 768w\" sizes=\"auto, (max-width: 1199px) 100vw, 1199px\" \/><\/figure>\n<\/figure>\n","protected":false},"excerpt":{"rendered":"<p>TIC S.R.L. es una PYME Neuquina fundada en el a\u00f1o 2011. Con m\u00e1s de 10 a\u00f1os de experiencia. Nos centramos en el desarrollo, fabricaci\u00f3n y reparaci\u00f3n de productos metal\u00fargicos y metalmec\u00e1nicos, vinculados a las industrias de oil &amp; gas y miner\u00eda.<span class=\"more-button\"><a href=\"https:\/\/tic-srl.com.ar\/?page_id=223\" class=\"more-link\">Continuar leyendo<span class=\"screen-reader-text\">Acerca de nosotros<\/span><\/a><\/span><\/p>\n","protected":false},"author":1,"featured_media":134,"parent":0,"menu_order":0,"comment_status":"closed","ping_status":"closed","template":"","meta":{"footnotes":""},"class_list":["post-223","page","type-page","status-publish","has-post-thumbnail","hentry"],"_links":{"self":[{"href":"https:\/\/tic-srl.com.ar\/index.php?rest_route=\/wp\/v2\/pages\/223","targetHints":{"allow":["GET"]}}],"collection":[{"href":"https:\/\/tic-srl.com.ar\/index.php?rest_route=\/wp\/v2\/pages"}],"about":[{"href":"https:\/\/tic-srl.com.ar\/index.php?rest_route=\/wp\/v2\/types\/page"}],"author":[{"embeddable":true,"href":"https:\/\/tic-srl.com.ar\/index.php?rest_route=\/wp\/v2\/users\/1"}],"replies":[{"embeddable":true,"href":"https:\/\/tic-srl.com.ar\/index.php?rest_route=%2Fwp%2Fv2%2Fcomments&post=223"}],"version-history":[{"count":4,"href":"https:\/\/tic-srl.com.ar\/index.php?rest_route=\/wp\/v2\/pages\/223\/revisions"}],"predecessor-version":[{"id":319,"href":"https:\/\/tic-srl.com.ar\/index.php?rest_route=\/wp\/v2\/pages\/223\/revisions\/319"}],"wp:featuredmedia":[{"embeddable":true,"href":"https:\/\/tic-srl.com.ar\/index.php?rest_route=\/wp\/v2\/media\/134"}],"wp:attachment":[{"href":"https:\/\/tic-srl.com.ar\/index.php?rest_route=%2Fwp%2Fv2%2Fmedia&parent=223"}],"curies":[{"name":"wp","href":"https:\/\/api.w.org\/{rel}","templated":true}]}}