{"id":250,"date":"2022-07-08T10:47:10","date_gmt":"2022-07-08T13:47:10","guid":{"rendered":"https:\/\/tic-srl.com.ar\/?page_id=250"},"modified":"2024-10-21T23:50:05","modified_gmt":"2024-10-22T02:50:05","slug":"servicios","status":"publish","type":"page","link":"https:\/\/tic-srl.com.ar\/?page_id=250","title":{"rendered":"Servicios"},"content":{"rendered":"\n<div class=\"wp-block-media-text is-stacked-on-mobile alignwide\" style=\"grid-template-columns:42% auto\"><figure class=\"wp-block-media-text__media\"><img loading=\"lazy\" decoding=\"async\" width=\"300\" height=\"225\" src=\"https:\/\/tic-srl.com.ar\/wp-content\/uploads\/2022\/06\/Llave-Hca-Chevron-3-300x225.jpeg\" alt=\"\" class=\"wp-image-77 size-medium\" srcset=\"https:\/\/tic-srl.com.ar\/wp-content\/uploads\/2022\/06\/Llave-Hca-Chevron-3-300x225.jpeg 300w, https:\/\/tic-srl.com.ar\/wp-content\/uploads\/2022\/06\/Llave-Hca-Chevron-3-1024x768.jpeg 1024w, https:\/\/tic-srl.com.ar\/wp-content\/uploads\/2022\/06\/Llave-Hca-Chevron-3-768x576.jpeg 768w, https:\/\/tic-srl.com.ar\/wp-content\/uploads\/2022\/06\/Llave-Hca-Chevron-3-470x352.jpeg 470w, https:\/\/tic-srl.com.ar\/wp-content\/uploads\/2022\/06\/Llave-Hca-Chevron-3.jpeg 1040w\" sizes=\"auto, (max-width: 300px) 100vw, 300px\" \/><\/figure><div class=\"wp-block-media-text__content\">\n<p class=\"has-large-font-size\"><a href=\"https:\/\/tic-srl.com.ar\/?service=reprocesado-reparaciones%ef%bf%bc\">Reprocesado\/Reparaciones<\/a><\/p>\n\n\n\n<p>Podemos realizar modificaciones sobre herramientas\/equipos usados para mejora de desempe\u00f1o ya sea fabricando componentes nuevos o reprocesando los existentes. Una vez aprobada la cotizaci\u00f3n del trabajo, generamos un documento bajo nuestro sistema de gesti\u00f3n para documentar las operaciones vinculadas a las&#8230;<\/p>\n\n\n\n<div class=\"wp-block-buttons is-layout-flex wp-block-buttons-is-layout-flex\">\n<div class=\"wp-block-button\"><a class=\"wp-block-button__link wp-element-button\" href=\"https:\/\/tic-srl.com.ar\/?service=reprocesado-reparaciones%ef%bf%bc\">Continuar leyendo<\/a><\/div>\n<\/div>\n<\/div><\/div>\n\n\n\n<div class=\"wp-block-media-text is-stacked-on-mobile alignwide\" style=\"grid-template-columns:42% auto\"><figure class=\"wp-block-media-text__media\"><img loading=\"lazy\" decoding=\"async\" width=\"150\" height=\"150\" src=\"https:\/\/tic-srl.com.ar\/wp-content\/uploads\/2022\/06\/Fresa-trabajando-1-150x150.jpeg\" alt=\"\" class=\"wp-image-158 size-medium\" srcset=\"https:\/\/tic-srl.com.ar\/wp-content\/uploads\/2022\/06\/Fresa-trabajando-1-150x150.jpeg 150w, https:\/\/tic-srl.com.ar\/wp-content\/uploads\/2022\/06\/Fresa-trabajando-1-640x640.jpeg 640w, https:\/\/tic-srl.com.ar\/wp-content\/uploads\/2022\/06\/Fresa-trabajando-1-70x70.jpeg 70w, https:\/\/tic-srl.com.ar\/wp-content\/uploads\/2022\/06\/Fresa-trabajando-1-470x470.jpeg 470w, https:\/\/tic-srl.com.ar\/wp-content\/uploads\/2022\/06\/Fresa-trabajando-1-50x50.jpeg 50w\" sizes=\"auto, (max-width: 150px) 100vw, 150px\" \/><\/figure><div class=\"wp-block-media-text__content\">\n<p class=\"has-large-font-size\"><a href=\"https:\/\/tic-srl.com.ar\/?service=ingenieria-y-desarrollo\">Ingenier\u00eda y desarrollo<\/a><\/p>\n\n\n\n<p>Se realiza de acuerdo a las especificaciones del cliente y normativas vigentes. Usamos software de dise\u00f1o de \u00faltima generaci\u00f3n para modelar tridimensionalmente los productos\/equipos solicitados. Dichos desarrollos se ponen en pr\u00e1ctica con materiales certificados de alta calidad, nacionales e importados&#8230;<\/p>\n\n\n\n<div class=\"wp-block-buttons is-layout-flex wp-block-buttons-is-layout-flex\">\n<div class=\"wp-block-button\"><a class=\"wp-block-button__link wp-element-button\" href=\"https:\/\/tic-srl.com.ar\/?service=ingenieria-y-desarrollo\">Continuar leyendo<\/a><\/div>\n<\/div>\n<\/div><\/div>\n\n\n\n<p><\/p>\n","protected":false},"excerpt":{"rendered":"","protected":false},"author":1,"featured_media":204,"parent":0,"menu_order":0,"comment_status":"closed","ping_status":"closed","template":"templates\/full-width-page.php","meta":{"footnotes":""},"class_list":["post-250","page","type-page","status-publish","has-post-thumbnail","hentry"],"_links":{"self":[{"href":"https:\/\/tic-srl.com.ar\/index.php?rest_route=\/wp\/v2\/pages\/250","targetHints":{"allow":["GET"]}}],"collection":[{"href":"https:\/\/tic-srl.com.ar\/index.php?rest_route=\/wp\/v2\/pages"}],"about":[{"href":"https:\/\/tic-srl.com.ar\/index.php?rest_route=\/wp\/v2\/types\/page"}],"author":[{"embeddable":true,"href":"https:\/\/tic-srl.com.ar\/index.php?rest_route=\/wp\/v2\/users\/1"}],"replies":[{"embeddable":true,"href":"https:\/\/tic-srl.com.ar\/index.php?rest_route=%2Fwp%2Fv2%2Fcomments&post=250"}],"version-history":[{"count":15,"href":"https:\/\/tic-srl.com.ar\/index.php?rest_route=\/wp\/v2\/pages\/250\/revisions"}],"predecessor-version":[{"id":325,"href":"https:\/\/tic-srl.com.ar\/index.php?rest_route=\/wp\/v2\/pages\/250\/revisions\/325"}],"wp:featuredmedia":[{"embeddable":true,"href":"https:\/\/tic-srl.com.ar\/index.php?rest_route=\/wp\/v2\/media\/204"}],"wp:attachment":[{"href":"https:\/\/tic-srl.com.ar\/index.php?rest_route=%2Fwp%2Fv2%2Fmedia&parent=250"}],"curies":[{"name":"wp","href":"https:\/\/api.w.org\/{rel}","templated":true}]}}